{"id":9,"date":"2019-07-11T19:07:01","date_gmt":"2019-07-11T17:07:01","guid":{"rendered":"https:\/\/skgnoundajehome.wordpress.com\/?page_id=4"},"modified":"2026-04-16T18:11:09","modified_gmt":"2026-04-16T18:11:09","slug":"blog","status":"publish","type":"page","link":"https:\/\/skg-noundaje.de\/","title":{"rendered":"Willkommen zur Session 2026 \/ 2027!"},"content":{"rendered":"\n<p class=\"has-text-align-center has-large-font-size\"><strong>&#8222;<\/strong>Schn\u00e4ppchenjagd und Noun Da Je, <br>die Einkaufswelt der SKG!<strong>&#8222;<\/strong><\/p>\n\n\n\n<p class=\"has-text-align-center has-medium-font-size\"><\/p>\n\n\n\n<p class=\"has-text-align-left\">Verfolgt unsere Aktivit\u00e4ten sowohl hier auf der Homepage, als auch bei <a href=\"https:\/\/www.instagram.com\/prinzengardeskg\/\">Instagram<\/a>, <a href=\"https:\/\/de-de.facebook.com\/pages\/category\/Cause\/SKG-Noun-Da-Je-Serrig-264673243599660\/\">Facebook<\/a>. Wir sind flei\u00dfig dabei, die kommende Session wieder mit euch feiern zu k\u00f6nnen! Freut euch auf eine spannende Karnevalssession 2025 \/ 2026!<\/p>\n\n\n\n<div class=\"wp-block-columns is-layout-flex wp-container-core-columns-is-layout-28f84493 wp-block-columns-is-layout-flex\">\n<div class=\"wp-block-column is-layout-flow wp-block-column-is-layout-flow\" style=\"flex-basis:100%\">\n<figure class=\"wp-block-image size-large is-resized\"><img loading=\"lazy\" decoding=\"async\" width=\"682\" height=\"1024\" src=\"https:\/\/skg-noundaje.de\/wp-content\/uploads\/2025\/03\/Collage-Umzug-682x1024.jpg\" alt=\"\" class=\"wp-image-517\" style=\"width:561px;height:auto\" srcset=\"https:\/\/skg-noundaje.de\/wp-content\/uploads\/2025\/03\/Collage-Umzug-682x1024.jpg 682w, https:\/\/skg-noundaje.de\/wp-content\/uploads\/2025\/03\/Collage-Umzug-200x300.jpg 200w, https:\/\/skg-noundaje.de\/wp-content\/uploads\/2025\/03\/Collage-Umzug-768x1152.jpg 768w, https:\/\/skg-noundaje.de\/wp-content\/uploads\/2025\/03\/Collage-Umzug-1024x1536.jpg 1024w, https:\/\/skg-noundaje.de\/wp-content\/uploads\/2025\/03\/Collage-Umzug.jpg 1333w\" sizes=\"auto, (max-width: 682px) 100vw, 682px\" \/><\/figure>\n\n\n\n<p class=\"has-normal-font-size\"><br><\/p>\n<\/div>\n<\/div>\n\n\n\n<p class=\"has-normal-font-size\"><br><em>&#8211; Das SKG Team<\/em> &#8211;<\/p>\n\n\n\n<p class=\"has-text-align-center\"><strong>Aktuelles<\/strong><\/p>\n\n\n<ul class=\"wp-block-latest-posts__list is-grid columns-3 wp-block-latest-posts\"><li><a class=\"wp-block-latest-posts__post-title\" href=\"https:\/\/skg-noundaje.de\/?p=553\">Kartenvorverkauf der Serriger Karnevalsgesellschaft<\/a><\/li>\n<li><a class=\"wp-block-latest-posts__post-title\" href=\"https:\/\/skg-noundaje.de\/?p=550\">Motivierter Sessionsstart der Serriger Karnevalsgesellschaft<\/a><\/li>\n<li><a class=\"wp-block-latest-posts__post-title\" href=\"https:\/\/skg-noundaje.de\/?p=546\">Baumpflanz-Challenge \u2013 Der Bad Serrscher Karnevalsbaum ziert nun die Dorfmitte<\/a><\/li>\n<\/ul>","protected":false},"excerpt":{"rendered":"<p>&#8222;Schn\u00e4ppchenjagd und Noun Da Je, die Einkaufswelt der SKG!&#8222; Verfolgt unsere Aktivit\u00e4ten sowohl hier auf der Homepage, als auch bei Instagram, Facebook. Wir sind flei\u00dfig dabei, die kommende Session wieder mit euch feiern zu k\u00f6nnen! Freut euch auf eine spannende Karnevalssession 2025 \/ 2026! &#8211; Das SKG Team &#8211; Aktuelles<\/p>\n","protected":false},"author":1,"featured_media":0,"parent":0,"menu_order":1,"comment_status":"closed","ping_status":"closed","template":"","meta":{"site-sidebar-layout":"default","site-content-layout":"default","ast-site-content-layout":"default","site-content-style":"default","site-sidebar-style":"default","ast-global-header-display":"","ast-banner-title-visibility":"","ast-main-header-display":"","ast-hfb-above-header-display":"","ast-hfb-below-header-display":"","ast-hfb-mobile-header-display":"","site-post-title":"","ast-breadcrumbs-content":"","ast-featured-img":"","footer-sml-layout":"","ast-disable-related-posts":"","theme-transparent-header-meta":"default","adv-header-id-meta":"","stick-header-meta":"","header-above-stick-meta":"","header-main-stick-meta":"","header-below-stick-meta":"","astra-migrate-meta-layouts":"set","ast-page-background-enabled":"default","ast-page-background-meta":{"desktop":{"background-color":"","background-image":"","background-repeat":"repeat","background-position":"center center","background-size":"auto","background-attachment":"scroll","background-type":"","background-media":"","overlay-type":"","overlay-color":"","overlay-opacity":"","overlay-gradient":""},"tablet":{"background-color":"","background-image":"","background-repeat":"repeat","background-position":"center center","background-size":"auto","background-attachment":"scroll","background-type":"","background-media":"","overlay-type":"","overlay-color":"","overlay-opacity":"","overlay-gradient":""},"mobile":{"background-color":"","background-image":"","background-repeat":"repeat","background-position":"center center","background-size":"auto","background-attachment":"scroll","background-type":"","background-media":"","overlay-type":"","overlay-color":"","overlay-opacity":"","overlay-gradient":""}},"ast-content-background-meta":{"desktop":{"background-color":"var(--ast-global-color-5)","background-image":"","background-repeat":"repeat","background-position":"center center","background-size":"auto","background-attachment":"scroll","background-type":"","background-media":"","overlay-type":"","overlay-color":"","overlay-opacity":"","overlay-gradient":""},"tablet":{"background-color":"var(--ast-global-color-5)","background-image":"","background-repeat":"repeat","background-position":"center center","background-size":"auto","background-attachment":"scroll","background-type":"","background-media":"","overlay-type":"","overlay-color":"","overlay-opacity":"","overlay-gradient":""},"mobile":{"background-color":"var(--ast-global-color-5)","background-image":"","background-repeat":"repeat","background-position":"center center","background-size":"auto","background-attachment":"scroll","background-type":"","background-media":"","overlay-type":"","overlay-color":"","overlay-opacity":"","overlay-gradient":""}},"footnotes":""},"class_list":["post-9","page","type-page","status-publish","hentry"],"_links":{"self":[{"href":"https:\/\/skg-noundaje.de\/index.php?rest_route=\/wp\/v2\/pages\/9","targetHints":{"allow":["GET"]}}],"collection":[{"href":"https:\/\/skg-noundaje.de\/index.php?rest_route=\/wp\/v2\/pages"}],"about":[{"href":"https:\/\/skg-noundaje.de\/index.php?rest_route=\/wp\/v2\/types\/page"}],"author":[{"embeddable":true,"href":"https:\/\/skg-noundaje.de\/index.php?rest_route=\/wp\/v2\/users\/1"}],"replies":[{"embeddable":true,"href":"https:\/\/skg-noundaje.de\/index.php?rest_route=%2Fwp%2Fv2%2Fcomments&post=9"}],"version-history":[{"count":28,"href":"https:\/\/skg-noundaje.de\/index.php?rest_route=\/wp\/v2\/pages\/9\/revisions"}],"predecessor-version":[{"id":569,"href":"https:\/\/skg-noundaje.de\/index.php?rest_route=\/wp\/v2\/pages\/9\/revisions\/569"}],"wp:attachment":[{"href":"https:\/\/skg-noundaje.de\/index.php?rest_route=%2Fwp%2Fv2%2Fmedia&parent=9"}],"curies":[{"name":"wp","href":"https:\/\/api.w.org\/{rel}","templated":true}]}}